{"id":44,"date":"2024-06-01T16:24:01","date_gmt":"2024-06-01T16:24:01","guid":{"rendered":"https:\/\/ayatidelices.com\/?page_id=44"},"modified":"2024-06-01T16:41:26","modified_gmt":"2024-06-01T16:41:26","slug":"about","status":"publish","type":"page","link":"https:\/\/ayatidelices.com\/?page_id=44","title":{"rendered":"About"},"content":{"rendered":"\n<div class=\"wp-block-uagb-container uagb-block-0a64ae4f alignfull uagb-is-root-container\"><div class=\"uagb-container-inner-blocks-wrap\">\n<div class=\"wp-block-uagb-advanced-heading uagb-block-02d62cd4\"><h1 class=\"uagb-heading-text\">Histoire d&rsquo;Ayati D\u00e9lices<\/h1><\/div>\n<\/div><\/div>\n\n\n\n<div class=\"wp-block-uagb-container uagb-block-a137e270 alignfull uagb-is-root-container\"><div class=\"uagb-container-inner-blocks-wrap\">\n<div class=\"wp-block-uagb-advanced-heading uagb-block-2ff98f4d\"><h2 class=\"uagb-heading-text\">Fond\u00e9e avec la vision de fournir des produits de volaille de premi\u00e8re qualit\u00e9, Ayati D\u00e9lices se distingue par son engagement envers l&rsquo;excellence et la satisfaction de ses clients.<\/h2><\/div>\n\n\n\n<div class=\"wp-block-uagb-image aligncenter uagb-block-2d749c53 wp-block-uagb-image--layout-default wp-block-uagb-image--effect-static wp-block-uagb-image--align-center uag-blocks-common-selector\" style=\"--z-index-desktop:1;;--z-index-tablet:undefined;;--z-index-mobile:undefined;\"><figure class=\"wp-block-uagb-image__figure\"><img decoding=\"async\" srcset=\"https:\/\/ayatidelices.com\/wp-content\/uploads\/2024\/06\/zipwp-image-uncooked-chicken-wings-displayed-wooden-board-along-with-vegetables-spices-black-930407-10905.jpg ,https:\/\/ayatidelices.com\/wp-content\/uploads\/2024\/06\/zipwp-image-uncooked-chicken-wings-displayed-wooden-board-along-with-vegetables-spices-black-930407-10905.jpg 780w, https:\/\/ayatidelices.com\/wp-content\/uploads\/2024\/06\/zipwp-image-uncooked-chicken-wings-displayed-wooden-board-along-with-vegetables-spices-black-930407-10905.jpg 360w\" sizes=\"auto, (max-width: 480px) 150px\" src=\"https:\/\/ayatidelices.com\/wp-content\/uploads\/2024\/06\/zipwp-image-uncooked-chicken-wings-displayed-wooden-board-along-with-vegetables-spices-black-930407-10905.jpg\" alt=\"\" class=\"uag-image-821\" width=\"1200\" height=\"400\" title=\"\" loading=\"lazy\" role=\"img\"\/><\/figure><\/div>\n<\/div><\/div>\n\n\n\n<div class=\"wp-block-uagb-container uagb-block-ef65caaf alignfull uagb-is-root-container\"><div class=\"uagb-container-inner-blocks-wrap\">\n<div class=\"wp-block-uagb-advanced-heading uagb-block-ec90af9c\"><h2 class=\"uagb-heading-text\">Notre Histoire<\/h2><\/div>\n\n\n\n<div class=\"wp-block-uagb-container uagb-block-2fb0c905\">\n<div class=\"wp-block-uagb-advanced-heading uagb-block-8f6a115f\"><p class=\"uagb-heading-text\">Depuis ses d\u00e9buts, Ayati D\u00e9lices s&rsquo;est engag\u00e9 \u00e0 offrir des produits de volaille d&rsquo;exception, accompagnant les restaurants et h\u00f4tels dans leur qu\u00eate de qualit\u00e9 et d&rsquo;authenticit\u00e9.<\/p><p class=\"uagb-desc-text\">Chaque \u00e9tape de notre histoire a \u00e9t\u00e9 marqu\u00e9e par notre d\u00e9vouement \u00e0 satisfaire nos clients et \u00e0 r\u00e9pondre \u00e0 leurs besoins sp\u00e9cifiques, en garantissant des produits de qualit\u00e9 sup\u00e9rieure.<\/p><\/div>\n\n\n\n<div class=\"wp-block-uagb-container uagb-block-b7fde968\">\n<div class=\"wp-block-uagb-advanced-heading uagb-block-c6c06cef\"><p class=\"uagb-desc-text\">2022: D\u00e9but de l&rsquo;activit\u00e9 \u00e0 Marrakech<\/p><\/div>\n\n\n\n<div class=\"wp-block-uagb-advanced-heading uagb-block-7603d1fd\"><p class=\"uagb-desc-text\">2024: Agr\u00e9ment par les autorit\u00e9s sanitaires de l&rsquo;ONSSA<\/p><\/div>\n\n\n\n<div class=\"wp-block-uagb-advanced-heading uagb-block-b6011478\"><p class=\"uagb-desc-text\">2024: Expansion des installations d&rsquo;entreposage<\/p><\/div>\n\n\n\n<div class=\"wp-block-uagb-advanced-heading uagb-block-91407da2\"><p class=\"uagb-desc-text\">2023: Collaboration avec des clients renomm\u00e9s<\/p><\/div>\n<\/div>\n<\/div>\n<\/div><\/div>\n\n\n\n<div class=\"wp-block-uagb-container uagb-block-d53f9214 alignfull uagb-is-root-container\"><div class=\"uagb-container-inner-blocks-wrap\">\n<div class=\"wp-block-uagb-info-box uagb-block-409947f2 uagb-infobox__content-wrap  uagb-infobox-icon-above-title uagb-infobox-image-valign-top\"><div class=\"uagb-ifb-content\"><div class=\"uagb-ifb-title-wrap\"><h2 class=\"uagb-ifb-title\">R\u00e9servez d\u00e8s aujourd&rsquo;hui<\/h2><\/div><div class=\"uagb-ifb-button-wrapper wp-block-button\"><a href=\"\/contact\/\" class=\"uagb-infobox-cta-link wp-block-button__link\" target=\"_self\" rel=\"noopener noreferrer\" onclick=\"return true;\" alt=\"\"><span class=\"uagb-inline-editing\">R\u00e9server Maintenant<\/span><\/a><\/div><\/div><\/div>\n\n\n\n<div class=\"wp-block-uagb-advanced-heading uagb-block-09c5b74a\"><p class=\"uagb-desc-text\">OU<\/p><div class=\"uagb-heading-text\">Appeler: 05 24 35 86 69 \/ 06 61 14 32 36<\/div><\/div>\n\n\n\n<p><\/p>\n<\/div><\/div>\n","protected":false},"excerpt":{"rendered":"<p>Histoire d&rsquo;Ayati D\u00e9lices Fond\u00e9e avec la vision de fournir des produits de volaille de premi\u00e8re qualit\u00e9, Ayati D\u00e9lices se distingue [&hellip;]<\/p>\n","protected":false},"author":5,"featured_media":0,"parent":0,"menu_order":0,"comment_status":"closed","ping_status":"closed","template":"","meta":{"_uag_custom_page_level_css":"","site-sidebar-layout":"no-sidebar","site-content-layout":"plain-container","ast-site-content-layout":"normal-width-container","site-content-style":"unboxed","site-sidebar-style":"unboxed","ast-global-header-display":"","ast-banner-title-visibility":"","ast-main-header-display":"","ast-hfb-above-header-display":"","ast-hfb-below-header-display":"","ast-hfb-mobile-header-display":"","site-post-title":"disabled","ast-breadcrumbs-content":"","ast-featured-img":"","footer-sml-layout":"","ast-disable-related-posts":"","theme-transparent-header-meta":"enabled","adv-header-id-meta":"","stick-header-meta":"","header-above-stick-meta":"","header-main-stick-meta":"","header-below-stick-meta":"","astra-migrate-meta-layouts":"set","ast-page-background-enabled":"default","ast-page-background-meta":{"desktop":{"background-color":"var(--ast-global-color-4)","background-image":"","background-repeat":"repeat","background-position":"center center","background-size":"auto","background-attachment":"scroll","background-type":"","background-media":"","overlay-type":"","overlay-color":"","overlay-opacity":"","overlay-gradient":""},"tablet":{"background-color":"","background-image":"","background-repeat":"repeat","background-position":"center center","background-size":"auto","background-attachment":"scroll","background-type":"","background-media":"","overlay-type":"","overlay-color":"","overlay-opacity":"","overlay-gradient":""},"mobile":{"background-color":"","background-image":"","background-repeat":"repeat","background-position":"center center","background-size":"auto","background-attachment":"scroll","background-type":"","background-media":"","overlay-type":"","overlay-color":"","overlay-opacity":"","overlay-gradient":""}},"ast-content-background-meta":{"desktop":{"background-color":"var(--ast-global-color-5)","background-image":"","background-repeat":"repeat","background-position":"center center","background-size":"auto","background-attachment":"scroll","background-type":"","background-media":"","overlay-type":"","overlay-color":"","overlay-opacity":"","overlay-gradient":""},"tablet":{"background-color":"var(--ast-global-color-5)","background-image":"","background-repeat":"repeat","background-position":"center center","background-size":"auto","background-attachment":"scroll","background-type":"","background-media":"","overlay-type":"","overlay-color":"","overlay-opacity":"","overlay-gradient":""},"mobile":{"background-color":"var(--ast-global-color-5)","background-image":"","background-repeat":"repeat","background-position":"center center","background-size":"auto","background-attachment":"scroll","background-type":"","background-media":"","overlay-type":"","overlay-color":"","overlay-opacity":"","overlay-gradient":""}},"footnotes":""},"class_list":["post-44","page","type-page","status-publish","hentry"],"uagb_featured_image_src":{"full":false,"thumbnail":false,"medium":false,"medium_large":false,"large":false,"1536x1536":false,"2048x2048":false},"uagb_author_info":{"display_name":"aQJpuWPnOoo7","author_link":"https:\/\/ayatidelices.com\/?author=5"},"uagb_comment_info":0,"uagb_excerpt":"Histoire d&rsquo;Ayati D\u00e9lices Fond\u00e9e avec la vision de fournir des produits de volaille de premi\u00e8re qualit\u00e9, Ayati D\u00e9lices se distingue [&hellip;]","_links":{"self":[{"href":"https:\/\/ayatidelices.com\/index.php?rest_route=\/wp\/v2\/pages\/44","targetHints":{"allow":["GET"]}}],"collection":[{"href":"https:\/\/ayatidelices.com\/index.php?rest_route=\/wp\/v2\/pages"}],"about":[{"href":"https:\/\/ayatidelices.com\/index.php?rest_route=\/wp\/v2\/types\/page"}],"author":[{"embeddable":true,"href":"https:\/\/ayatidelices.com\/index.php?rest_route=\/wp\/v2\/users\/5"}],"replies":[{"embeddable":true,"href":"https:\/\/ayatidelices.com\/index.php?rest_route=%2Fwp%2Fv2%2Fcomments&post=44"}],"version-history":[{"count":2,"href":"https:\/\/ayatidelices.com\/index.php?rest_route=\/wp\/v2\/pages\/44\/revisions"}],"predecessor-version":[{"id":842,"href":"https:\/\/ayatidelices.com\/index.php?rest_route=\/wp\/v2\/pages\/44\/revisions\/842"}],"wp:attachment":[{"href":"https:\/\/ayatidelices.com\/index.php?rest_route=%2Fwp%2Fv2%2Fmedia&parent=44"}],"curies":[{"name":"wp","href":"https:\/\/api.w.org\/{rel}","templated":true}]}}