{"id":43,"date":"2024-06-01T16:23:59","date_gmt":"2024-06-01T16:23:59","guid":{"rendered":"https:\/\/ayatidelices.com\/?page_id=43"},"modified":"2024-06-05T12:57:10","modified_gmt":"2024-06-05T12:57:10","slug":"home-2","status":"publish","type":"page","link":"https:\/\/ayatidelices.com\/","title":{"rendered":"Home"},"content":{"rendered":"\n<div class=\"wp-block-uagb-container uagb-block-6f37b78d alignfull uagb-is-root-container\"><div class=\"uagb-container-inner-blocks-wrap\">\n<div class=\"wp-block-uagb-info-box uagb-block-7c536b3e uagb-infobox__content-wrap  uagb-infobox-icon-above-title uagb-infobox-image-valign-top\"><div class=\"uagb-ifb-content\"><div class=\"uagb-ifb-title-wrap\"><h1 class=\"uagb-ifb-title\">Ayati D\u00e9lices <br>Qualit\u00e9 Sup\u00e9rieure \u00e0 Marrakech<\/h1><\/div><p class=\"uagb-ifb-desc\">Bienvenue chez Ayati D\u00e9lices, votre fournisseur de confiance en viande de volaille de qualit\u00e9 sup\u00e9rieure \u00e0 Marrakech. Sp\u00e9cialis\u00e9s dans l&rsquo;entreposage et la distribution, nous nous engageons \u00e0 r\u00e9pondre aux besoins des restaurants et des h\u00f4tels class\u00e9s. Agr\u00e9\u00e9s par les autorit\u00e9s sanitaires de l&rsquo;ONSSA, nous garantissons des produits conformes aux normes les plus strictes en mati\u00e8re de s\u00e9curit\u00e9 alimentaire.<\/p><\/div><\/div>\n<\/div><\/div>\n\n\n\n<div class=\"wp-block-uagb-container uagb-block-6286d6b5 alignfull uagb-is-root-container\"><div class=\"uagb-container-inner-blocks-wrap\">\n<div class=\"wp-block-uagb-info-box uagb-block-df43eba1 uagb-infobox__content-wrap  uagb-infobox-icon-above-title uagb-infobox-image-valign-top wp-block-uagb-info-box--has-margin\"><div class=\"uagb-infobox-margin-wrapper\"><div class=\"uagb-ifb-content\"><div class=\"uagb-ifb-title-wrap\"><span class=\"uagb-ifb-title-prefix\">Bienvenue chez<\/span><h2 class=\"uagb-ifb-title\">Ayati D\u00e9lices<\/h2><\/div><\/div><\/div><\/div>\n\n\n\n<div class=\"wp-block-uagb-container uagb-block-d8ba5754\">\n<div class=\"wp-block-uagb-container uagb-block-09b0b705\">\n<div class=\"wp-block-uagb-image alignleft uagb-block-f3905cb7 wp-block-uagb-image--layout-default wp-block-uagb-image--effect-static wp-block-uagb-image--align-left\"><figure class=\"wp-block-uagb-image__figure\"><img decoding=\"async\" srcset=\"https:\/\/ayatidelices.com\/wp-content\/uploads\/2024\/06\/zipwp-image-uncooked-chicken-wings-displayed-wooden-board-along-with-vegetables-spices-black-930407-10905.jpg , https:\/\/ayatidelices.com\/wp-content\/uploads\/2024\/06\/zipwp-image-uncooked-chicken-wings-displayed-wooden-board-along-with-vegetables-spices-black-930407-10905.jpg 360w\" sizes=\"auto, (max-width: 480px) 150px\" src=\"https:\/\/ayatidelices.com\/wp-content\/uploads\/2024\/06\/zipwp-image-uncooked-chicken-wings-displayed-wooden-board-along-with-vegetables-spices-black-930407-10905.jpg\" alt=\"\" class=\"uag-image-821\" width=\"575\" height=\"480\" title=\"\" loading=\"lazy\" role=\"img\"\/><\/figure><\/div>\n<\/div>\n\n\n\n<div class=\"wp-block-uagb-container uagb-block-31fe6603\">\n<div class=\"wp-block-uagb-info-box uagb-block-e22f30f4 uagb-infobox__content-wrap  uagb-infobox-icon-above-title uagb-infobox-image-valign-top\"><div class=\"uagb-ifb-content\"><div class=\"uagb-ifb-title-wrap\"><h3 class=\"uagb-ifb-title\">L&rsquo;excellence dans chaque bouch\u00e9e<\/h3><\/div><p class=\"uagb-ifb-desc\">Ayati D\u00e9lices a \u00e9t\u00e9 fond\u00e9 avec la vision de proposer des produits de volaille de qualit\u00e9 premium. Notre engament envers l&rsquo;excellence guide chacune de nos actions.<br><br>Nous sommes fiers de servir les restaurants et h\u00f4tels prestigieux \u00e0 Marrakech, en offrant des produits qui r\u00e9pondent aux normes les plus strictes de qualit\u00e9.<br>Ayati D\u00e9lices a \u00e9t\u00e9 fond\u00e9 avec la vision de proposer des produits de volaille de qualit\u00e9 premium. Notre engament envers l&rsquo;excellence guide chacune de nos actions.<br><br>Nous sommes fiers de servir les restaurants et h\u00f4tels prestigieux \u00e0 Marrakech, en offrant des produits qui r\u00e9pondent aux normes les plus strictes de qualit\u00e9.<\/p><div class=\"uagb-ifb-button-wrapper wp-block-button\"><a href=\"about\/\" class=\"uagb-infobox-cta-link wp-block-button__link\" target=\"_self\" rel=\"noopener noreferrer\" onclick=\"return true;\" alt=\"\"><span class=\"uagb-inline-editing\">Lire l&rsquo;article complet<\/span><\/a><\/div><\/div><\/div>\n<\/div>\n<\/div>\n<\/div><\/div>\n\n\n\n<div class=\"wp-block-uagb-container uagb-block-a6633de7 alignfull uagb-is-root-container\"><div class=\"uagb-container-inner-blocks-wrap\">\n<div class=\"wp-block-uagb-container uagb-block-dfe7ac17\">\n<div class=\"wp-block-uagb-advanced-heading uagb-block-08ade08c\"><div class=\"uagb-heading-text\">Nos Sp\u00e9cialit\u00e9s<\/div><\/div>\n\n\n\n<div class=\"wp-block-uagb-info-box uagb-block-4bdb8f23 uagb-infobox__content-wrap  uagb-infobox-icon-above-title uagb-infobox-image-valign-top\"><div class=\"uagb-ifb-content\"><div class=\"uagb-ifb-title-wrap\"><h2 class=\"uagb-ifb-title\">D\u00e9couvrez notre S\u00e9lection<\/h2><\/div><p class=\"uagb-ifb-desc\">Explorez une vari\u00e9t\u00e9 de d\u00e9lices de volaille frais et savoureux pour sublimer vos plats.<br><br>Nos produits de qualit\u00e9 sup\u00e9rieure sont soigneusement s\u00e9lectionn\u00e9s pour satisfaire les palais les plus exigeants.<\/p><\/div><\/div>\n<\/div>\n\n\n\n<div class=\"wp-block-uagb-container uagb-block-eccb8b0a\">\n<div class=\"wp-block-uagb-container uagb-block-1aefa83f\">\n<div class=\"wp-block-uagb-container uagb-block-8f043f57\">\n<div class=\"wp-block-uagb-image alignleft uagb-block-6daa04e5 wp-block-uagb-image--layout-default wp-block-uagb-image--effect-static wp-block-uagb-image--align-left\"><figure class=\"wp-block-uagb-image__figure\"><img decoding=\"async\" srcset=\"https:\/\/ayatidelices.com\/wp-content\/uploads\/2024\/06\/raw-chicken-wings-black-plate-with-spices-herbs-gray-background_156140-8741.avif ,https:\/\/ayatidelices.com\/wp-content\/uploads\/2024\/06\/raw-chicken-wings-black-plate-with-spices-herbs-gray-background_156140-8741.avif 780w, https:\/\/ayatidelices.com\/wp-content\/uploads\/2024\/06\/raw-chicken-wings-black-plate-with-spices-herbs-gray-background_156140-8741.avif 360w\" sizes=\"auto, (max-width: 480px) 150px\" src=\"https:\/\/ayatidelices.com\/wp-content\/uploads\/2024\/06\/raw-chicken-wings-black-plate-with-spices-herbs-gray-background_156140-8741.avif\" alt=\"\" class=\"uag-image-856\" width=\"352\" height=\"320\" title=\"raw-chicken-wings-black-plate-with-spices-herbs-gray-background_156140-8741\" loading=\"lazy\" role=\"img\"\/><\/figure><\/div>\n\n\n\n<div class=\"wp-block-uagb-advanced-heading uagb-block-b3deb396\"><h3 class=\"uagb-heading-text\">Ailes de Poulet<\/h3><\/div>\n<\/div>\n\n\n\n<div class=\"wp-block-uagb-container uagb-block-ebb66be1\">\n<div class=\"wp-block-uagb-image alignleft uagb-block-1fcfcae0 wp-block-uagb-image--layout-default wp-block-uagb-image--effect-static wp-block-uagb-image--align-left\"><figure class=\"wp-block-uagb-image__figure\"><img decoding=\"async\" srcset=\"https:\/\/ayatidelices.com\/wp-content\/uploads\/2024\/06\/zipwp-image-fresh-turkey-legs-with-ingredients-cooking-top-view-318269-1732.jpg ,https:\/\/ayatidelices.com\/wp-content\/uploads\/2024\/06\/zipwp-image-fresh-turkey-legs-with-ingredients-cooking-top-view-318269-1732.jpg 780w, https:\/\/ayatidelices.com\/wp-content\/uploads\/2024\/06\/zipwp-image-fresh-turkey-legs-with-ingredients-cooking-top-view-318269-1732.jpg 360w\" sizes=\"auto, (max-width: 480px) 150px\" src=\"https:\/\/ayatidelices.com\/wp-content\/uploads\/2024\/06\/zipwp-image-fresh-turkey-legs-with-ingredients-cooking-top-view-318269-1732.jpg\" alt=\"\" class=\"uag-image-819\" width=\"352\" height=\"320\" title=\"\" loading=\"lazy\" role=\"img\"\/><\/figure><\/div>\n\n\n\n<div class=\"wp-block-uagb-advanced-heading uagb-block-69b133c4\"><h3 class=\"uagb-heading-text\">Cuisse de Poulet<\/h3><\/div>\n<\/div>\n<\/div>\n\n\n\n<div class=\"wp-block-uagb-container uagb-block-86da0503 default uagb-is-root-container\">\n<div class=\"wp-block-uagb-container uagb-block-71e9a60f\">\n<div class=\"wp-block-uagb-image alignleft uagb-block-d92790ac wp-block-uagb-image--layout-default wp-block-uagb-image--effect-static wp-block-uagb-image--align-left\"><figure class=\"wp-block-uagb-image__figure\"><img decoding=\"async\" srcset=\"https:\/\/ayatidelices.com\/wp-content\/uploads\/2024\/06\/zipwp-image-top-view-fresh-chicken-with-tomatoes-pepper-dark-blue-surface-179666-44620.jpg ,https:\/\/ayatidelices.com\/wp-content\/uploads\/2024\/06\/zipwp-image-top-view-fresh-chicken-with-tomatoes-pepper-dark-blue-surface-179666-44620.jpg 780w, https:\/\/ayatidelices.com\/wp-content\/uploads\/2024\/06\/zipwp-image-top-view-fresh-chicken-with-tomatoes-pepper-dark-blue-surface-179666-44620.jpg 360w\" sizes=\"auto, (max-width: 480px) 150px\" src=\"https:\/\/ayatidelices.com\/wp-content\/uploads\/2024\/06\/zipwp-image-top-view-fresh-chicken-with-tomatoes-pepper-dark-blue-surface-179666-44620.jpg\" alt=\"\" class=\"uag-image-822\" width=\"352\" height=\"320\" title=\"\" loading=\"lazy\" role=\"img\"\/><\/figure><\/div>\n\n\n\n<div class=\"wp-block-uagb-advanced-heading uagb-block-76f44719\"><h3 class=\"uagb-heading-text\">Poulet Entier<\/h3><\/div>\n<\/div>\n\n\n\n<div class=\"wp-block-uagb-container uagb-block-6981e327\">\n<div class=\"wp-block-uagb-image alignleft uagb-block-df3b04f6 wp-block-uagb-image--layout-default wp-block-uagb-image--effect-static wp-block-uagb-image--align-left\"><figure class=\"wp-block-uagb-image__figure\"><img decoding=\"async\" srcset=\"https:\/\/ayatidelices.com\/wp-content\/uploads\/2024\/06\/crumbed-uncooked-chicken-breasts-ingredient-grey-table-top-view_249006-3307.avif ,https:\/\/ayatidelices.com\/wp-content\/uploads\/2024\/06\/crumbed-uncooked-chicken-breasts-ingredient-grey-table-top-view_249006-3307.avif 780w, https:\/\/ayatidelices.com\/wp-content\/uploads\/2024\/06\/crumbed-uncooked-chicken-breasts-ingredient-grey-table-top-view_249006-3307.avif 360w\" sizes=\"auto, (max-width: 480px) 150px\" src=\"https:\/\/ayatidelices.com\/wp-content\/uploads\/2024\/06\/crumbed-uncooked-chicken-breasts-ingredient-grey-table-top-view_249006-3307.avif\" alt=\"\" class=\"uag-image-849\" width=\"367\" height=\"320\" title=\"crumbed-uncooked-chicken-breasts-ingredient-grey-table-top-view_249006-3307\" loading=\"lazy\" role=\"img\"\/><\/figure><\/div>\n\n\n\n<div class=\"wp-block-uagb-advanced-heading uagb-block-3656c417\"><h3 class=\"uagb-heading-text\">Blanc de Poulet<\/h3><\/div>\n<\/div>\n<\/div>\n<\/div>\n<\/div><\/div>\n\n\n\n<div class=\"wp-block-uagb-container uagb-block-90a57a5b alignfull uagb-is-root-container\"><div class=\"uagb-container-inner-blocks-wrap\">\n<div class=\"wp-block-uagb-container uagb-block-da33d3c5\">\n<div class=\"wp-block-uagb-advanced-heading uagb-block-56f3d261\"><div class=\"uagb-heading-text\">T\u00e9moignages<\/div><\/div>\n\n\n\n<div class=\"wp-block-uagb-advanced-heading uagb-block-318d0f94\"><h2 class=\"uagb-heading-text\">Ce qu&rsquo;ils disent de nous<\/h2><\/div>\n\n\n\n<div class=\"wp-block-uagb-separator uagb-block-e58ffa84\"><div class=\"wp-block-uagb-separator__inner\" style=\"--my-background-image:\"><\/div><\/div>\n\n\n\n<div class=\"wp-block-uagb-star-rating uagb-block-8d875cf6\"><div class=\"uag-star-rating\" title=\"5\/5\"><span class=\"uag-star\">\u2605<\/span><span class=\"uag-star\">\u2605<\/span><span class=\"uag-star\">\u2605<\/span><span class=\"uag-star\">\u2605<\/span><span class=\"uag-star\">\u2605<\/span><\/div><\/div>\n\n\n\n<div class=\"wp-block-uagb-testimonial uagb-slick-carousel uagb-tm__arrow-outside uagb-block-cb65f5e4 uagb-post__carousel_notset uagb-post__carousel_notset-tablet uagb-post__carousel_notset-mobile\"><div class=\"is-carousel uagb-tm__columns-1 uagb-tm__items\"><div class=\"uagb-testimonial__wrap  uagb-tm__imgicon-style-circle uagb-tm__image-position-bottom uagb-tm__bg-type-none \"><div class=\"uagb-tm__content\"><div class=\"uagb-tm__overlay\"><\/div><div class=\"uagb-tm__text-wrap\"><div class=\"uagb-tm__desc\">Les produits Ayati D\u00e9lices sont incomparables en termes de qualit\u00e9 et de go\u00fbt. Une valeur s\u00fbre pour nos plats!<\/div><div class=\"uagb-tm__meta-inner\"><div class=\"uagb-tm__image-content\"><div class=\"uagb-tm__image\"><img decoding=\"async\" class=\"uagb-tm-img-src\" src=\"https:\/\/ayatidelices.com\/wp-content\/uploads\/2023\/08\/testimonial-skip-01.jpg\" alt=\"\" width=\"50\" height=\"50\" loading=\"lazy\"\/><\/div><\/div><div class=\"uagb-testimonial-details\"><span class=\"uagb-tm__author-name\">Marie Dubois<\/span><span class=\"uagb-tm__company\"><\/span><\/div><\/div><\/div><\/div><\/div><\/div><\/div>\n<\/div>\n\n\n\n<div class=\"wp-block-uagb-container uagb-block-74b5e143\">\n<div class=\"wp-block-uagb-star-rating uagb-block-3c5dd828\"><div class=\"uag-star-rating\" title=\"5\/5\"><span class=\"uag-star\">\u2605<\/span><span class=\"uag-star\">\u2605<\/span><span class=\"uag-star\">\u2605<\/span><span class=\"uag-star\">\u2605<\/span><span class=\"uag-star\">\u2605<\/span><\/div><\/div>\n\n\n\n<div class=\"wp-block-uagb-testimonial uagb-slick-carousel uagb-tm__arrow-outside uagb-block-7e0819e6 uagb-post__carousel_notset uagb-post__carousel_notset-tablet uagb-post__carousel_notset-mobile\"><div class=\"is-carousel uagb-tm__columns-1 uagb-tm__items\"><div class=\"uagb-testimonial__wrap  uagb-tm__imgicon-style-circle uagb-tm__image-position-bottom uagb-tm__bg-type-none \"><div class=\"uagb-tm__content\"><div class=\"uagb-tm__overlay\"><\/div><div class=\"uagb-tm__text-wrap\"><div class=\"uagb-tm__desc\">La fiabilit\u00e9 des livraisons Ayati D\u00e9lices nous permet de garantir une continuit\u00e9 dans notre approvisionnement. 5 \u00e9toiles!<\/div><div class=\"uagb-tm__meta-inner\"><div class=\"uagb-tm__image-content\"><div class=\"uagb-tm__image\"><img decoding=\"async\" class=\"uagb-tm-img-src\" src=\"https:\/\/ayatidelices.com\/wp-content\/uploads\/2023\/08\/testimonial-skip-02.jpg\" alt=\"\" width=\"50\" height=\"50\" loading=\"lazy\"\/><\/div><\/div><div class=\"uagb-testimonial-details\"><span class=\"uagb-tm__author-name\">Jean Leroy<\/span><span class=\"uagb-tm__company\"><\/span><\/div><\/div><\/div><\/div><\/div><\/div><\/div>\n\n\n\n<div class=\"wp-block-uagb-separator uagb-block-e5841802\"><div class=\"wp-block-uagb-separator__inner\" style=\"--my-background-image:\"><\/div><\/div>\n\n\n\n<div class=\"wp-block-uagb-star-rating uagb-block-51c39ef8\"><div class=\"uag-star-rating\" title=\"5\/5\"><span class=\"uag-star\">\u2605<\/span><span class=\"uag-star\">\u2605<\/span><span class=\"uag-star\">\u2605<\/span><span class=\"uag-star\">\u2605<\/span><span class=\"uag-star\">\u2605<\/span><\/div><\/div>\n\n\n\n<div class=\"wp-block-uagb-testimonial uagb-slick-carousel uagb-tm__arrow-outside uagb-block-92de4f7e uagb-post__carousel_notset uagb-post__carousel_notset-tablet uagb-post__carousel_notset-mobile\"><div class=\"is-carousel uagb-tm__columns-1 uagb-tm__items\"><div class=\"uagb-testimonial__wrap  uagb-tm__imgicon-style-circle uagb-tm__image-position-bottom uagb-tm__bg-type-none \"><div class=\"uagb-tm__content\"><div class=\"uagb-tm__overlay\"><\/div><div class=\"uagb-tm__text-wrap\"><div class=\"uagb-tm__desc\">Un service exceptionnel! La volaille fournie par Ayati D\u00e9lices rehausse notre cuisine et ravit nos clients \u00e0 chaque fois.<\/div><div class=\"uagb-tm__meta-inner\"><div class=\"uagb-tm__image-content\"><div class=\"uagb-tm__image\"><img decoding=\"async\" class=\"uagb-tm-img-src\" src=\"https:\/\/ayatidelices.com\/wp-content\/uploads\/2023\/08\/testimonial-skip-03.jpg\" alt=\"\" width=\"50\" height=\"50\" loading=\"lazy\"\/><\/div><\/div><div class=\"uagb-testimonial-details\"><span class=\"uagb-tm__author-name\">Sophie Martin<\/span><span class=\"uagb-tm__company\"><\/span><\/div><\/div><\/div><\/div><\/div><\/div><\/div>\n<\/div>\n<\/div><\/div>\n\n\n\n<div class=\"wp-block-uagb-container uagb-block-d53f9214 alignfull uagb-is-root-container\"><div class=\"uagb-container-inner-blocks-wrap\">\n<div class=\"wp-block-uagb-info-box uagb-block-409947f2 uagb-infobox__content-wrap  uagb-infobox-icon-above-title uagb-infobox-image-valign-top\"><div class=\"uagb-ifb-content\"><div class=\"uagb-ifb-title-wrap\"><h2 class=\"uagb-ifb-title\">R\u00e9servez d\u00e8s aujourd&rsquo;hui<\/h2><\/div><div class=\"uagb-ifb-button-wrapper wp-block-button\"><a href=\"\/contact\/\" class=\"uagb-infobox-cta-link wp-block-button__link\" target=\"_self\" rel=\"noopener noreferrer\" onclick=\"return true;\" alt=\"\"><span class=\"uagb-inline-editing\">R\u00e9server Maintenant<\/span><\/a><\/div><\/div><\/div>\n\n\n\n<div class=\"wp-block-uagb-advanced-heading uagb-block-09c5b74a\"><p class=\"uagb-desc-text\">OU<\/p><div class=\"uagb-heading-text\">Appeler: 05 24 35 86 69 \/ 06 61 14 32 36<\/div><\/div>\n\n\n\n<p><\/p>\n<\/div><\/div>\n","protected":false},"excerpt":{"rendered":"<p>Nos Sp\u00e9cialit\u00e9s Ailes de Poulet Cuisse de Poulet Poulet Entier Blanc de Poulet T\u00e9moignages Ce qu&rsquo;ils disent de nous<\/p>\n","protected":false},"author":5,"featured_media":0,"parent":0,"menu_order":0,"comment_status":"closed","ping_status":"closed","template":"","meta":{"_uag_custom_page_level_css":"","site-sidebar-layout":"no-sidebar","site-content-layout":"plain-container","ast-site-content-layout":"normal-width-container","site-content-style":"unboxed","site-sidebar-style":"unboxed","ast-global-header-display":"","ast-banner-title-visibility":"","ast-main-header-display":"","ast-hfb-above-header-display":"","ast-hfb-below-header-display":"","ast-hfb-mobile-header-display":"","site-post-title":"disabled","ast-breadcrumbs-content":"","ast-featured-img":"","footer-sml-layout":"","ast-disable-related-posts":"","theme-transparent-header-meta":"enabled","adv-header-id-meta":"","stick-header-meta":"","header-above-stick-meta":"","header-main-stick-meta":"","header-below-stick-meta":"","astra-migrate-meta-layouts":"set","ast-page-background-enabled":"default","ast-page-background-meta":{"desktop":{"background-color":"var(--ast-global-color-4)","background-image":"","background-repeat":"repeat","background-position":"center center","background-size":"auto","background-attachment":"scroll","background-type":"","background-media":"","overlay-type":"","overlay-color":"","overlay-opacity":"","overlay-gradient":""},"tablet":{"background-color":"","background-image":"","background-repeat":"repeat","background-position":"center center","background-size":"auto","background-attachment":"scroll","background-type":"","background-media":"","overlay-type":"","overlay-color":"","overlay-opacity":"","overlay-gradient":""},"mobile":{"background-color":"","background-image":"","background-repeat":"repeat","background-position":"center center","background-size":"auto","background-attachment":"scroll","background-type":"","background-media":"","overlay-type":"","overlay-color":"","overlay-opacity":"","overlay-gradient":""}},"ast-content-background-meta":{"desktop":{"background-color":"var(--ast-global-color-5)","background-image":"","background-repeat":"repeat","background-position":"center center","background-size":"auto","background-attachment":"scroll","background-type":"","background-media":"","overlay-type":"","overlay-color":"","overlay-opacity":"","overlay-gradient":""},"tablet":{"background-color":"var(--ast-global-color-5)","background-image":"","background-repeat":"repeat","background-position":"center center","background-size":"auto","background-attachment":"scroll","background-type":"","background-media":"","overlay-type":"","overlay-color":"","overlay-opacity":"","overlay-gradient":""},"mobile":{"background-color":"var(--ast-global-color-5)","background-image":"","background-repeat":"repeat","background-position":"center center","background-size":"auto","background-attachment":"scroll","background-type":"","background-media":"","overlay-type":"","overlay-color":"","overlay-opacity":"","overlay-gradient":""}},"footnotes":""},"class_list":["post-43","page","type-page","status-publish","hentry"],"uagb_featured_image_src":{"full":false,"thumbnail":false,"medium":false,"medium_large":false,"large":false,"1536x1536":false,"2048x2048":false},"uagb_author_info":{"display_name":"aQJpuWPnOoo7","author_link":"https:\/\/ayatidelices.com\/?author=5"},"uagb_comment_info":0,"uagb_excerpt":"Nos Sp\u00e9cialit\u00e9s Ailes de Poulet Cuisse de Poulet Poulet Entier Blanc de Poulet T\u00e9moignages Ce qu&rsquo;ils disent de nous","_links":{"self":[{"href":"https:\/\/ayatidelices.com\/index.php?rest_route=\/wp\/v2\/pages\/43","targetHints":{"allow":["GET"]}}],"collection":[{"href":"https:\/\/ayatidelices.com\/index.php?rest_route=\/wp\/v2\/pages"}],"about":[{"href":"https:\/\/ayatidelices.com\/index.php?rest_route=\/wp\/v2\/types\/page"}],"author":[{"embeddable":true,"href":"https:\/\/ayatidelices.com\/index.php?rest_route=\/wp\/v2\/users\/5"}],"replies":[{"embeddable":true,"href":"https:\/\/ayatidelices.com\/index.php?rest_route=%2Fwp%2Fv2%2Fcomments&post=43"}],"version-history":[{"count":13,"href":"https:\/\/ayatidelices.com\/index.php?rest_route=\/wp\/v2\/pages\/43\/revisions"}],"predecessor-version":[{"id":882,"href":"https:\/\/ayatidelices.com\/index.php?rest_route=\/wp\/v2\/pages\/43\/revisions\/882"}],"wp:attachment":[{"href":"https:\/\/ayatidelices.com\/index.php?rest_route=%2Fwp%2Fv2%2Fmedia&parent=43"}],"curies":[{"name":"wp","href":"https:\/\/api.w.org\/{rel}","templated":true}]}}